{"id":7,"date":"2025-01-13T10:01:01","date_gmt":"2025-01-13T10:01:01","guid":{"rendered":"https:\/\/23emilias.kaomedia.net\/wp58\/?page_id=7"},"modified":"2025-01-15T08:07:38","modified_gmt":"2025-01-15T08:07:38","slug":"mnusta","status":"publish","type":"page","link":"https:\/\/23emilias.kaomedia.net\/wp58\/mnusta\/","title":{"rendered":"Minusta"},"content":{"rendered":"<p><img loading=\"lazy\" class=\"alignnone size-medium wp-image-41\" src=\"https:\/\/23emilias.kaomedia.net\/wp58\/wp-content\/uploads\/2025\/01\/IMG_7158-200x300.jpg\" alt=\"\" width=\"200\" height=\"300\" srcset=\"https:\/\/23emilias.kaomedia.net\/wp58\/wp-content\/uploads\/2025\/01\/IMG_7158-200x300.jpg 200w, https:\/\/23emilias.kaomedia.net\/wp58\/wp-content\/uploads\/2025\/01\/IMG_7158-683x1024.jpg 683w, https:\/\/23emilias.kaomedia.net\/wp58\/wp-content\/uploads\/2025\/01\/IMG_7158-768x1152.jpg 768w, https:\/\/23emilias.kaomedia.net\/wp58\/wp-content\/uploads\/2025\/01\/IMG_7158-1024x1536.jpg 1024w, https:\/\/23emilias.kaomedia.net\/wp58\/wp-content\/uploads\/2025\/01\/IMG_7158-1365x2048.jpg 1365w, https:\/\/23emilias.kaomedia.net\/wp58\/wp-content\/uploads\/2025\/01\/IMG_7158-scaled.jpg 1707w\" sizes=\"(max-width: 200px) 100vw, 200px\" \/><\/p>\n<p>Minun nimeni on Emilia Savchuk, olen valokuvaaja ja mediaprofessioiden opiskelija Suomessa. Olen harrastanut valokuvausta jo kaksi vuotta ja pyrin aina vangitsemaan hetki\u00e4, jotka her\u00e4tt\u00e4v\u00e4t tunteita ja j\u00e4\u00e4v\u00e4t mieleen. Pid\u00e4n erityisesti muotokuvista ja luonnonvalosta, luoden yksinkertaisia mutta ilmeikk\u00e4it\u00e4 kuvia.<br \/>\nOpiskelu Suomessa auttaa minua kehitt\u00e4m\u00e4\u00e4n taitojani ja kokeilemaan uusia asioita valokuvauksessa ja videokuvauksessa. Tavoitteeni on luoda kuvia, jotka kertovat tarinoita ja inspiroivat l\u00f6yt\u00e4m\u00e4\u00e4n kauneutta arjessa.<\/p>\n","protected":false},"excerpt":{"rendered":"<p>Minun nimeni on Emilia Savchuk, olen valokuvaaja ja mediaprofessioiden opiskelija Suomessa. Olen harrastanut valokuvausta jo kaksi vuotta ja pyrin aina vangitsemaan hetki\u00e4, jotka her\u00e4tt\u00e4v\u00e4t tunteita ja j\u00e4\u00e4v\u00e4t mieleen. Pid\u00e4n erityisesti<\/p>\n<p class=\"more-link\"><a href=\"https:\/\/23emilias.kaomedia.net\/wp58\/mnusta\/\" class=\"readmore\">Continue reading<svg class=\"icon icon-arrow-right\" aria-hidden=\"true\" role=\"img\"> <use href=\"#icon-arrow-right\" xlink:href=\"#icon-arrow-right\"><\/use> <\/svg><span class=\"screen-reader-text\">Minusta<\/span><\/a><\/p>\n","protected":false},"author":1,"featured_media":0,"parent":0,"menu_order":0,"comment_status":"closed","ping_status":"closed","template":"","meta":[],"_links":{"self":[{"href":"https:\/\/23emilias.kaomedia.net\/wp58\/wp-json\/wp\/v2\/pages\/7"}],"collection":[{"href":"https:\/\/23emilias.kaomedia.net\/wp58\/wp-json\/wp\/v2\/pages"}],"about":[{"href":"https:\/\/23emilias.kaomedia.net\/wp58\/wp-json\/wp\/v2\/types\/page"}],"author":[{"embeddable":true,"href":"https:\/\/23emilias.kaomedia.net\/wp58\/wp-json\/wp\/v2\/users\/1"}],"replies":[{"embeddable":true,"href":"https:\/\/23emilias.kaomedia.net\/wp58\/wp-json\/wp\/v2\/comments?post=7"}],"version-history":[{"count":3,"href":"https:\/\/23emilias.kaomedia.net\/wp58\/wp-json\/wp\/v2\/pages\/7\/revisions"}],"predecessor-version":[{"id":42,"href":"https:\/\/23emilias.kaomedia.net\/wp58\/wp-json\/wp\/v2\/pages\/7\/revisions\/42"}],"wp:attachment":[{"href":"https:\/\/23emilias.kaomedia.net\/wp58\/wp-json\/wp\/v2\/media?parent=7"}],"curies":[{"name":"wp","href":"https:\/\/api.w.org\/{rel}","templated":true}]}}