{"id":2,"date":"2024-12-10T10:33:34","date_gmt":"2024-12-10T10:33:34","guid":{"rendered":"https:\/\/23emilias.kaomedia.net\/wp58\/?page_id=2"},"modified":"2025-01-15T08:19:42","modified_gmt":"2025-01-15T08:19:42","slug":"sample-page","status":"publish","type":"page","link":"https:\/\/23emilias.kaomedia.net\/wp58\/sample-page\/","title":{"rendered":"Hy\u00f6dyllisi\u00e4 vinkkej\u00e4"},"content":{"rendered":"<div class=\"x9jfA\">\n<div class=\"ze1hM l8Tnu\">\n<h1><img loading=\"lazy\" class=\"alignnone wp-image-43 aligncenter\" src=\"https:\/\/23emilias.kaomedia.net\/wp58\/wp-content\/uploads\/2025\/01\/5cea7b591b60fc62cc863689a8777af9-240x300.jpg\" alt=\"\" width=\"205\" height=\"256\" srcset=\"https:\/\/23emilias.kaomedia.net\/wp58\/wp-content\/uploads\/2025\/01\/5cea7b591b60fc62cc863689a8777af9-240x300.jpg 240w, https:\/\/23emilias.kaomedia.net\/wp58\/wp-content\/uploads\/2025\/01\/5cea7b591b60fc62cc863689a8777af9.jpg 420w\" sizes=\"(max-width: 205px) 100vw, 205px\" \/><img loading=\"lazy\" class=\"alignnone wp-image-47 aligncenter\" src=\"https:\/\/23emilias.kaomedia.net\/wp58\/wp-content\/uploads\/2025\/01\/8a469c7476a601e301c14005d91a9f05-225x300.jpg\" alt=\"\" width=\"190\" height=\"253\" srcset=\"https:\/\/23emilias.kaomedia.net\/wp58\/wp-content\/uploads\/2025\/01\/8a469c7476a601e301c14005d91a9f05-225x300.jpg 225w, https:\/\/23emilias.kaomedia.net\/wp58\/wp-content\/uploads\/2025\/01\/8a469c7476a601e301c14005d91a9f05.jpg 474w\" sizes=\"(max-width: 190px) 100vw, 190px\" \/><\/h1>\n<h1 style=\"text-align: center;\"><img loading=\"lazy\" class=\"wp-image-45 aligncenter\" src=\"https:\/\/23emilias.kaomedia.net\/wp58\/wp-content\/uploads\/2025\/01\/166915589fea707b1d8f4d598380f54d-225x300.jpg\" alt=\"\" width=\"190\" height=\"253\" srcset=\"https:\/\/23emilias.kaomedia.net\/wp58\/wp-content\/uploads\/2025\/01\/166915589fea707b1d8f4d598380f54d-225x300.jpg 225w, https:\/\/23emilias.kaomedia.net\/wp58\/wp-content\/uploads\/2025\/01\/166915589fea707b1d8f4d598380f54d.jpg 474w\" sizes=\"(max-width: 190px) 100vw, 190px\" \/><\/h1>\n<\/div>\n<\/div>\n<div>\n<div class=\"rps_1e10\">\n<div dir=\"ltr\">\n<h1><strong>Miten k\u00e4ytt\u00e4\u00e4 valoa oikein <\/strong><strong>valokuvauksessa: perusasioista mestariks<\/strong>i<\/h1>\n<div>Valo on yksi valokuvauksen t\u00e4rkeimmist\u00e4 elementeist\u00e4. Vaikka kuvauskohde olisi kuinka kaunis tahansa, v\u00e4\u00e4r\u00e4 valo voi pilata kuvan. Jos opit k\u00e4ytt\u00e4m\u00e4\u00e4n valoa oikein, valokuvasi n\u00e4ytt\u00e4v\u00e4t paljon ammattimaisemmilta. T\u00e4ss\u00e4 muutama vinkki, jotka auttavat ymm\u00e4rt\u00e4m\u00e4\u00e4n, miten k\u00e4ytt\u00e4\u00e4 valoa valokuvauksessa.<\/div>\n<h4><b>1. Luonnonvalo on paras yst\u00e4v\u00e4si<\/b><\/h4>\n<div>Auringonvalo on useimpien valokuvien perusta, ja yleens\u00e4 se antaa kaikkein luonnollisimmat tulokset. &#8221;Kultainen hetki&#8221; \u2014 hetki ennen auringonlaskua ja heti sen j\u00e4lkeen \u2014 on aika, jolloin valo on pehme\u00e4\u00e4 ja l\u00e4mmint\u00e4. K\u00e4ytt\u00e4m\u00e4ll\u00e4 t\u00e4t\u00e4 valoa muotokuvissa tai maisemissa voit saavuttaa tasapainoisen ja syv\u00e4n valokuvan.<\/div>\n<h4><b>2. Valon suunta on t\u00e4rke\u00e4\u00e4<\/b><\/h4>\n<div>Valon suunta voi muuttaa kuvauskohteen ulkon\u00e4k\u00f6\u00e4 dramaattisesti. Muotokuvissa:<\/div>\n<ul>\n<li><b>Etualavalo<\/b>\u00a0auttaa luomaan pehmeit\u00e4 ja tasaisia varjoja kasvoille.<\/li>\n<li><b>Sivuvalo<\/b>\u00a0korostaa tekstuureja ja luo mielenkiintoisia varjoja, jotka lis\u00e4\u00e4v\u00e4t syvyytt\u00e4 kuvaan.<\/li>\n<li><b>Taustavalo<\/b>\u00a0voi luoda siluetti-efektin tai &#8221;hehkun&#8221; vaikutelman, erityisesti ihmisist\u00e4 tai maisemista.<\/li>\n<\/ul>\n<h4><b>3. Heijastimien ja diffuusereiden k\u00e4ytt\u00f6<\/b><\/h4>\n<div>Jos kuvaat studio-olosuhteissa tai heikossa luonnonvalossa, heijastimet voivat auttaa suuntaamaan valoa haluamaasi kohteeseen. T\u00e4m\u00e4 pehment\u00e4\u00e4 varjoja ja parantaa valaistusta. Softboxit tai diffuusorit ovat erinomaisia ty\u00f6kaluja pehme\u00e4n, tasaisen valon luomiseen.<\/div>\n<h4><b>4. Keinovalon hallinta<\/b><\/h4>\n<div>Kun luonnonvalo ei riit\u00e4, kannattaa k\u00e4ytt\u00e4\u00e4 keinovaloa, kuten salamaa tai studiovaloja. Keinovalolla voit tarkasti hallita valon kirkautta, suuntaa ja l\u00e4mp\u00f6tilaa. Muista, ett\u00e4 oikea tasapaino p\u00e4\u00e4valon ja t\u00e4ytevalon v\u00e4lill\u00e4 auttaa luomaan tasapainoisia ja ammattimaisia kuvia.<\/div>\n<h5><b>Yhteenveto:<\/b><\/h5>\n<div>Valon k\u00e4ytt\u00f6 on taidetta. Kokeile eri valonl\u00e4hteiden kanssa l\u00f6yt\u00e4\u00e4ksesi sen, mik\u00e4 parhaiten sopii omaan valokuvauksen tyyliisi.<\/div>\n<\/div>\n<\/div>\n<\/div>\n<div><\/div>\n<div><\/div>\n<div><\/div>\n<div><\/div>\n<div><\/div>\n<div>\n<div class=\"rps_1e10\">\n<div dir=\"ltr\">\n<div>\n<h1 data-olk-copy-source=\"MessageBody\">5 virhett\u00e4, joita kannattaa v\u00e4ltt\u00e4\u00e4 ulkokuvauksessa<\/h1>\n<div>Ulkokuvauksessa voi olla yht\u00e4 hauskaa kuin haastavaa. Ulkona kuvaaminen voi olla arvaamatonta, ja monet tekij\u00e4t voivat pilata kuvan. T\u00e4ss\u00e4 on viisi yleist\u00e4 virhett\u00e4, joita kannattaa v\u00e4ltt\u00e4\u00e4 ulkokuvauksessa.<\/div>\n<h4><b>1. Altistaminen virheelliselle valotukselle<\/b><\/h4>\n<div>Kun kuvaat ulkona, erityisesti kirkkaassa auringonvalossa, on t\u00e4rke\u00e4\u00e4 hallita valotusta. Liian korkea valotus tekee kuvasta ylivalottuneen, kun taas liian matala valotus tekee kuvasta pime\u00e4n. K\u00e4yt\u00e4 kameran manuaalisia asetuksia tai aukon etusija -tilaa (A tai Av) valon tasapainottamiseen.<\/div>\n<h4><b>2. Taustan huomiotta j\u00e4tt\u00e4minen<\/b><\/h4>\n<div>Taustalla on suuri merkitys, erityisesti ulkokuvauksessa. Usein kauniita kohteita varjostaa tausta, joka on liian kirkas tai sekava. Kun kuvaat ulkona, varmista, ett\u00e4 tausta ei vie huomiota p\u00e4\u00e4kohteesta ja ett\u00e4 tausta ei ole liian h\u00e4iritsev\u00e4 (esimerkiksi pystysuorat linjat, jotka &#8221;leikkaavat&#8221; kohteen).<\/div>\n<h4><b>3. Komposition laiminly\u00f6nti<\/b><\/h4>\n<div>Ulkokuvauksessa kuvaus voi olla spontaaneja, mutta kompositio on aina t\u00e4rke\u00e4\u00e4. Kolmanneksen s\u00e4\u00e4nt\u00f6, linjat, jotka johtavat kohteeseen, ja oikea symmetria auttavat tekem\u00e4\u00e4n kuvista mielenkiintoisia. Usein valokuvaajat tekev\u00e4t kuvia ilman, ett\u00e4 ajattelevat kompositiota, mik\u00e4 johtaa tylsiin ja v\u00e4hemm\u00e4n houkutteleviin kuviin.<\/div>\n<h4><b>4. Valkotasapainon unohtaminen<\/b><\/h4>\n<div>Ulkona on monenlaista valoa: auringonvalo, varjot ja keinovalot. Jos et s\u00e4\u00e4d\u00e4 valkotasapainoa oikein, valokuvasi voivat olla liian l\u00e4mpimi\u00e4 tai kylmi\u00e4. S\u00e4\u00e4d\u00e4 kamerasi valkotasapainoa, jotta v\u00e4rit pysyv\u00e4t luonnollisina.<\/div>\n<h4><b>5. Yksityiskohtien huomioiminen<\/b><\/h4>\n<div>Ulkona on aina paljon pieni\u00e4 yksityiskohtia, jotka voivat vaikuttaa lopputulokseen. Ik\u00e4\u00e4ntyneet ihmiset, autot, roskat tai ei-toivotut elementit voivat pilata kuvan. Ennen kuin painat laukaisijaa, tee nopea katsaus kohtaukseen varmistaaksesi, ettei kuvassa ole h\u00e4iritsevi\u00e4 elementtej\u00e4.<\/div>\n<h5><b>Yhteenveto:<\/b><\/h5>\n<div>Ulkokuvaus on upea mutta my\u00f6s haasteellinen laji. Kun v\u00e4lt\u00e4t n\u00e4m\u00e4 virheet ja kehit\u00e4t taitojasi, valokuvasi paranevat ja kuvaaminen ulkona tulee hauskemmaksi ja tuottaa parempia tuloksia.<\/div>\n<\/div>\n<\/div>\n<\/div>\n<\/div>\n<div><\/div>\n<div><\/div>\n<div><\/div>\n<div><\/div>\n<div>\n<div>\n<h1 data-olk-copy-source=\"MessageBody\">Miten valita kamera aloittelijalle: mit\u00e4 kannattaa tiet\u00e4\u00e4<\/h1>\n<div>Aloittelijan kamerasen valitseminen voi olla vaikeaa, koska markkinoilla on niin monta mallia ja hintaluokkaa. \u00c4l\u00e4 kuitenkaan huoli! T\u00e4ss\u00e4 on muutama t\u00e4rke\u00e4 tekij\u00e4, joiden avulla voit valita oikean kameran.<\/div>\n<h4><b>1. Budjetti<\/b><\/h4>\n<div>Ensimm\u00e4inen asia, johon t\u00f6rm\u00e4\u00e4t, on budjetti. Jos olet vasta aloittamassa, ei kannata heti ostaa ammattilaiskameroita, jotka voivat maksaa tuhansia euroja. Aloittelijalle riitt\u00e4\u00e4 keskitasoinen kamera, joka tuottaa hyvi\u00e4 kuvia mutta ei vie pankkitili\u00e4si tyhj\u00e4ksi.<\/div>\n<h4><b>2. Kamera tyyppi: peilillinen vai peilitt\u00f6m\u00e4ll\u00e4<\/b><\/h4>\n<div>Aloittelijalle parhaiten sopivat <b>peilitt\u00f6m\u00e4t kamerat<\/b>\u00a0ja <b>peililliset kamerat<\/b>\u00a0(DSLR). Molemmilla kameratyypeill\u00e4 on omat hyv\u00e4t puolensa:<\/div>\n<ul>\n<li><b>Peililliset kamerat (DSLR)<\/b>\u00a0tarjoavat perinteisemm\u00e4n rakenteen ja laajemman objektiivivalikoiman.<\/li>\n<li><b>Peilitt\u00f6m\u00e4t kamerat<\/b>\u00a0ovat kompaktimpia, kevyempi\u00e4 ja monet nykyaikaiset mallit tarjoavat erinomaisen kuvanlaadun ja suorituskyvyn.<\/li>\n<\/ul>\n<div>Aloittelijoille suositellaan kameroita, joissa on yksinkertainen k\u00e4ytt\u00f6liittym\u00e4 ja hyv\u00e4t automaattiasetukset.<\/div>\n<h4><b>3. Kenno koko<\/b><\/h4>\n<div>Kameran kenno on yksi t\u00e4rkeimmist\u00e4 tekij\u00f6ist\u00e4, joka vaikuttaa kuvan laatuun. Suuremmilla kennoilla, kuten <b>APS-C<\/b>\u00a0tai <b>Full-frame<\/b>, saat paremman kuvanlaadun erityisesti h\u00e4m\u00e4r\u00e4ss\u00e4 valossa ja pystyt luomaan kauniita sumeita taustoja. Pienemmill\u00e4 kennoilla, kuten <b>Micro Four Thirds<\/b>, voi my\u00f6s saada hyv\u00e4\u00e4 kuvanlaatua, mutta ne ovat usein kompakteja ja edullisempia.<\/div>\n<h4><b>4. Resoluutiot ja automaattitarkennus<\/b><\/h4>\n<div>Aloittelijalle t\u00e4rke\u00e4mp\u00e4\u00e4 kuin suuri resoluutio on kuvanlaatu ja kuvaamisen helppous. Yleens\u00e4 16\u201324 megapikselin kamera riitt\u00e4\u00e4 aloitteleville valokuvaajille. Lis\u00e4ksi tarkista kameran tarkennusj\u00e4rjestelm\u00e4: nopea ja tarkka automaattitarkennus auttaa sinua saamaan kirkas ja tarkat kuvat.<\/div>\n<h4><b>5. Lis\u00e4ominaisuudet<\/b><\/h4>\n<div>Joissakin kameroissa on hy\u00f6dyllisi\u00e4 lis\u00e4ominaisuuksia, kuten:<\/div>\n<ul>\n<li><b>Sis\u00e4\u00e4nrakennettu kuvanvakautus<\/b>\u00a0\u2014 parempia kuvia k\u00e4sivaralta otettaessa.<\/li>\n<li><b>Wi-Fi tai Bluetooth<\/b>\u00a0\u2014 nopeaa kuvan siirt\u00e4mist\u00e4 \u00e4lypuhelimeen.<\/li>\n<li><b>4K-videokuvaus<\/b>\u00a0\u2014 jos aiot my\u00f6s kuvata videoita.<\/li>\n<\/ul>\n<h5><b>Yhteenveto:<\/b><\/h5>\n<div>Aloittelijoille suosittelen valitsemaan keskikokoisia kameroita, joissa on hyv\u00e4 kenno, tarkka automaattitarkennus ja helppok\u00e4ytt\u00f6inen k\u00e4ytt\u00f6liittym\u00e4. Merkit kuten <b>Canon<\/b>, <b>Nikon<\/b>\u00a0ja <b>Sony<\/b>\u00a0tarjoavat hyvi\u00e4<\/div>\n<\/div>\n<\/div>\n","protected":false},"excerpt":{"rendered":"<p>Miten k\u00e4ytt\u00e4\u00e4 valoa oikein valokuvauksessa: perusasioista mestariksi Valo on yksi valokuvauksen t\u00e4rkeimmist\u00e4 elementeist\u00e4. Vaikka kuvauskohde olisi kuinka kaunis tahansa, v\u00e4\u00e4r\u00e4 valo voi pilata kuvan. Jos opit k\u00e4ytt\u00e4m\u00e4\u00e4n valoa oikein, valokuvasi<\/p>\n<p class=\"more-link\"><a href=\"https:\/\/23emilias.kaomedia.net\/wp58\/sample-page\/\" class=\"readmore\">Continue reading<svg class=\"icon icon-arrow-right\" aria-hidden=\"true\" role=\"img\"> <use href=\"#icon-arrow-right\" xlink:href=\"#icon-arrow-right\"><\/use> <\/svg><span class=\"screen-reader-text\">Hy\u00f6dyllisi\u00e4 vinkkej\u00e4<\/span><\/a><\/p>\n","protected":false},"author":1,"featured_media":0,"parent":0,"menu_order":0,"comment_status":"closed","ping_status":"open","template":"","meta":[],"_links":{"self":[{"href":"https:\/\/23emilias.kaomedia.net\/wp58\/wp-json\/wp\/v2\/pages\/2"}],"collection":[{"href":"https:\/\/23emilias.kaomedia.net\/wp58\/wp-json\/wp\/v2\/pages"}],"about":[{"href":"https:\/\/23emilias.kaomedia.net\/wp58\/wp-json\/wp\/v2\/types\/page"}],"author":[{"embeddable":true,"href":"https:\/\/23emilias.kaomedia.net\/wp58\/wp-json\/wp\/v2\/users\/1"}],"replies":[{"embeddable":true,"href":"https:\/\/23emilias.kaomedia.net\/wp58\/wp-json\/wp\/v2\/comments?post=2"}],"version-history":[{"count":6,"href":"https:\/\/23emilias.kaomedia.net\/wp58\/wp-json\/wp\/v2\/pages\/2\/revisions"}],"predecessor-version":[{"id":50,"href":"https:\/\/23emilias.kaomedia.net\/wp58\/wp-json\/wp\/v2\/pages\/2\/revisions\/50"}],"wp:attachment":[{"href":"https:\/\/23emilias.kaomedia.net\/wp58\/wp-json\/wp\/v2\/media?parent=2"}],"curies":[{"name":"wp","href":"https:\/\/api.w.org\/{rel}","templated":true}]}}