{"id":25,"date":"2024-04-12T07:00:38","date_gmt":"2024-04-12T07:00:38","guid":{"rendered":"https:\/\/23emilias.kaomedia.net\/jaameri\/?page_id=25"},"modified":"2024-04-12T07:01:30","modified_gmt":"2024-04-12T07:01:30","slug":"kasin-veistetyt-veneet-arktisiin-oloihin","status":"publish","type":"page","link":"https:\/\/23emilias.kaomedia.net\/jaameri\/kasin-veistetyt-veneet-arktisiin-oloihin\/","title":{"rendered":"K\u00e4sin veistetyt veneet arktisiin oloihin"},"content":{"rendered":"<p><img loading=\"lazy\" decoding=\"async\" class=\"alignnone size-medium wp-image-24\" src=\"https:\/\/23emilias.kaomedia.net\/jaameri\/wp-content\/uploads\/2024\/04\/veneveisamo-jaameri-1-300x225.jpg\" alt=\"\" width=\"300\" height=\"225\" srcset=\"https:\/\/23emilias.kaomedia.net\/jaameri\/wp-content\/uploads\/2024\/04\/veneveisamo-jaameri-1-300x225.jpg 300w, https:\/\/23emilias.kaomedia.net\/jaameri\/wp-content\/uploads\/2024\/04\/veneveisamo-jaameri-1.jpg 640w\" sizes=\"auto, (max-width: 300px) 100vw, 300px\" \/><\/p>\n<p>Yrityksen p\u00e4\u00e4tuotteita ovat kalastusk\u00e4ytt\u00f6\u00f6n tarkoitetut puurakenteiset moottoriveneet. Jokainen vene testataan J\u00e4\u00e4meren arktisissa oloissa ennen asiakkaalle luovutusta.<\/p>\n<p>Veneveist\u00e4m\u00f6 J\u00c4\u00c4MERI on perheyritys. Sen perusti Bror-Henrik Johansson vuonna 1965. Nykyisin liiketoiminnasta vastaa h\u00e4nen poikansa Bengt Johansson 20 vuoden alan kokemuksella. Yrityksen asiakkaat ovat kalastajia, p\u00e4\u00e4asiassa suomalaisia tai Varanginvuonon molemmilla puolilla asuvia suomea puhuvia kveenej\u00e4.<\/p>\n","protected":false},"excerpt":{"rendered":"<p>Yrityksen p\u00e4\u00e4tuotteita ovat kalastusk\u00e4ytt\u00f6\u00f6n tarkoitetut puurakenteiset moottoriveneet. Jokainen vene testataan J\u00e4\u00e4meren arktisissa oloissa ennen asiakkaalle luovutusta. Veneveist\u00e4m\u00f6 J\u00c4\u00c4MERI on perheyritys. Sen perusti Bror-Henrik Johansson vuonna [&hellip;] <span class=\"read-more-link\"><a class=\"read-more\" href=\"https:\/\/23emilias.kaomedia.net\/jaameri\/kasin-veistetyt-veneet-arktisiin-oloihin\/\">Read More<\/a><\/span><\/p>\n","protected":false},"author":1,"featured_media":0,"parent":0,"menu_order":0,"comment_status":"closed","ping_status":"closed","template":"","meta":{"footnotes":""},"class_list":["post-25","page","type-page","status-publish","hentry"],"_links":{"self":[{"href":"https:\/\/23emilias.kaomedia.net\/jaameri\/wp-json\/wp\/v2\/pages\/25","targetHints":{"allow":["GET"]}}],"collection":[{"href":"https:\/\/23emilias.kaomedia.net\/jaameri\/wp-json\/wp\/v2\/pages"}],"about":[{"href":"https:\/\/23emilias.kaomedia.net\/jaameri\/wp-json\/wp\/v2\/types\/page"}],"author":[{"embeddable":true,"href":"https:\/\/23emilias.kaomedia.net\/jaameri\/wp-json\/wp\/v2\/users\/1"}],"replies":[{"embeddable":true,"href":"https:\/\/23emilias.kaomedia.net\/jaameri\/wp-json\/wp\/v2\/comments?post=25"}],"version-history":[{"count":2,"href":"https:\/\/23emilias.kaomedia.net\/jaameri\/wp-json\/wp\/v2\/pages\/25\/revisions"}],"predecessor-version":[{"id":27,"href":"https:\/\/23emilias.kaomedia.net\/jaameri\/wp-json\/wp\/v2\/pages\/25\/revisions\/27"}],"wp:attachment":[{"href":"https:\/\/23emilias.kaomedia.net\/jaameri\/wp-json\/wp\/v2\/media?parent=25"}],"curies":[{"name":"wp","href":"https:\/\/api.w.org\/{rel}","templated":true}]}}